{"id":232,"date":"2019-03-02T15:28:29","date_gmt":"2019-03-02T15:28:29","guid":{"rendered":"http:\/\/jrab.ddns.net\/?page_id=232"},"modified":"2025-02-18T12:07:07","modified_gmt":"2025-02-18T12:07:07","slug":"orgaos-sociais","status":"publish","type":"page","link":"https:\/\/www.crescersemrisco.com\/?page_id=232","title":{"rendered":"Org\u00e3os Sociais"},"content":{"rendered":"\n<p class=\"has-text-align-center\"><strong>Quadri\u00e9nio 2022-2025<\/strong><\/p>\n\n\n\n<p class=\"has-text-align-center\"><strong>Assembleia Geral<\/strong><\/p>\n\n\n\n<p class=\"has-text-align-center\"> Presidente: Ana L\u00eddia Vasconcelos Aveiro<br> 1\u00ba Secret\u00e1rio:  S\u00edlvia Betina Barros Gon\u00e7alves <br> 2\u00ba Secret\u00e1rio: Leandro Freitas Barbosa <\/p>\n\n\n\n<p class=\"has-text-align-center\"><strong>Dire\u00e7\u00e3o<\/strong><\/p>\n\n\n\n<p class=\"has-text-align-center\">Presidente: Ricardo Nuno Franco Teixeira<br> Vice-Presidente: Maria do Livramento Pestana<br> Tesoureiro: Jer\u00f3nimo Filipe Sousa Pereira <br> Secret\u00e1rio: Carla Leonor Freitas de Gouveia Ponte<br> Vogal: Helena Cl\u00e1udia Nunes Marote<\/p>\n\n\n\n<p class=\"has-text-align-center\"><strong>Conselho Fiscal<\/strong><\/p>\n\n\n\n<p class=\"has-text-align-center\">Presidente: Ana Carolina Barros Rocha<br> 1\u00ba Vogal: Gabriela Maria Oliveira da Cunha<br> 2\u00ba Vogal: Hugo Filipe de Sousa Leit\u00e3o <\/p>\n\n\n\n<hr class=\"wp-block-separator has-css-opacity\"\/>\n","protected":false},"excerpt":{"rendered":"<p>Quadri\u00e9nio 2022-2025 Assembleia Geral Presidente: Ana L\u00eddia Vasconcelos Aveiro 1\u00ba Secret\u00e1rio: S\u00edlvia Betina Barros Gon\u00e7alves 2\u00ba Secret\u00e1rio: Leandro Freitas Barbosa Dire\u00e7\u00e3o Presidente: Ricardo Nuno Franco Teixeira Vice-Presidente: Maria do Livramento Pestana Tesoureiro: Jer\u00f3nimo Filipe Sousa Pereira Secret\u00e1rio: Carla Leonor Freitas<\/p>\n","protected":false},"author":1,"featured_media":0,"parent":0,"menu_order":0,"comment_status":"closed","ping_status":"closed","template":"","meta":{"sfsi_plus_gutenberg_text_before_share":"","sfsi_plus_gutenberg_show_text_before_share":"","sfsi_plus_gutenberg_icon_type":"","sfsi_plus_gutenberg_icon_alignemt":"","sfsi_plus_gutenburg_max_per_row":"","footnotes":""},"_links":{"self":[{"href":"https:\/\/www.crescersemrisco.com\/index.php?rest_route=\/wp\/v2\/pages\/232"}],"collection":[{"href":"https:\/\/www.crescersemrisco.com\/index.php?rest_route=\/wp\/v2\/pages"}],"about":[{"href":"https:\/\/www.crescersemrisco.com\/index.php?rest_route=\/wp\/v2\/types\/page"}],"author":[{"embeddable":true,"href":"https:\/\/www.crescersemrisco.com\/index.php?rest_route=\/wp\/v2\/users\/1"}],"replies":[{"embeddable":true,"href":"https:\/\/www.crescersemrisco.com\/index.php?rest_route=%2Fwp%2Fv2%2Fcomments&post=232"}],"version-history":[{"count":6,"href":"https:\/\/www.crescersemrisco.com\/index.php?rest_route=\/wp\/v2\/pages\/232\/revisions"}],"predecessor-version":[{"id":458,"href":"https:\/\/www.crescersemrisco.com\/index.php?rest_route=\/wp\/v2\/pages\/232\/revisions\/458"}],"wp:attachment":[{"href":"https:\/\/www.crescersemrisco.com\/index.php?rest_route=%2Fwp%2Fv2%2Fmedia&parent=232"}],"curies":[{"name":"wp","href":"https:\/\/api.w.org\/{rel}","templated":true}]}}