{"id":133,"date":"2019-02-09T12:36:39","date_gmt":"2019-02-09T12:36:39","guid":{"rendered":"http:\/\/jrab.ddns.net\/?page_id=133"},"modified":"2019-03-02T15:56:47","modified_gmt":"2019-03-02T15:56:47","slug":"atl-pascoa","status":"publish","type":"page","link":"https:\/\/www.crescersemrisco.com\/?page_id=133","title":{"rendered":"ATL P\u00e1scoa"},"content":{"rendered":"\n<p style=\"text-align:center\">A Associa\u00e7\u00e3o de Solidariedade Social Crescer Sem Risco desenvolve ao longo da pausa lectiva da P\u00e1scoa o \u201cATL \u2013 P\u00e1scoa\u201d, que visa a ocupa\u00e7\u00e3o dos tempos livres das\ncrian\u00e7as e jovens dos concelhos de S\u00e3o Vicente e Ribeira Brava\ndurante esse per\u00edodo.<\/p>\n\n\n\n<p style=\"text-align:center\">O \u201cATL \u2013 P\u00e1scoa\u201d inicia-se no primeiro dia de interrup\u00e7\u00e3o lectiva para a P\u00e1scoa e termina no primeiro dia de aulas ap\u00f3s as f\u00e9rias da P\u00e1scoa. As inscri\u00e7\u00f5es s\u00e3o realizadas na sede da Associa\u00e7\u00e3o ou atrav\u00e9s das redes sociais.<\/p>\n\n\n\n<hr class=\"wp-block-separator\"\/>\n","protected":false},"excerpt":{"rendered":"<p>A Associa\u00e7\u00e3o de Solidariedade Social Crescer Sem Risco desenvolve ao longo da pausa lectiva da P\u00e1scoa o \u201cATL \u2013 P\u00e1scoa\u201d, que visa a ocupa\u00e7\u00e3o dos tempos livres das crian\u00e7as e jovens dos concelhos de S\u00e3o Vicente e Ribeira Brava durante<\/p>\n","protected":false},"author":1,"featured_media":0,"parent":0,"menu_order":0,"comment_status":"closed","ping_status":"closed","template":"","meta":{"sfsi_plus_gutenberg_text_before_share":"","sfsi_plus_gutenberg_show_text_before_share":"","sfsi_plus_gutenberg_icon_type":"","sfsi_plus_gutenberg_icon_alignemt":"","sfsi_plus_gutenburg_max_per_row":"","footnotes":""},"_links":{"self":[{"href":"https:\/\/www.crescersemrisco.com\/index.php?rest_route=\/wp\/v2\/pages\/133"}],"collection":[{"href":"https:\/\/www.crescersemrisco.com\/index.php?rest_route=\/wp\/v2\/pages"}],"about":[{"href":"https:\/\/www.crescersemrisco.com\/index.php?rest_route=\/wp\/v2\/types\/page"}],"author":[{"embeddable":true,"href":"https:\/\/www.crescersemrisco.com\/index.php?rest_route=\/wp\/v2\/users\/1"}],"replies":[{"embeddable":true,"href":"https:\/\/www.crescersemrisco.com\/index.php?rest_route=%2Fwp%2Fv2%2Fcomments&post=133"}],"version-history":[{"count":2,"href":"https:\/\/www.crescersemrisco.com\/index.php?rest_route=\/wp\/v2\/pages\/133\/revisions"}],"predecessor-version":[{"id":245,"href":"https:\/\/www.crescersemrisco.com\/index.php?rest_route=\/wp\/v2\/pages\/133\/revisions\/245"}],"wp:attachment":[{"href":"https:\/\/www.crescersemrisco.com\/index.php?rest_route=%2Fwp%2Fv2%2Fmedia&parent=133"}],"curies":[{"name":"wp","href":"https:\/\/api.w.org\/{rel}","templated":true}]}}